{"id":795,"date":"2024-04-27T08:08:31","date_gmt":"2024-04-27T08:08:31","guid":{"rendered":"https:\/\/envothemes.com\/envo-royal\/?page_id=795"},"modified":"2025-11-01T15:17:06","modified_gmt":"2025-11-01T15:17:06","slug":"productos","status":"publish","type":"page","link":"https:\/\/controldata.biz\/web\/productos\/","title":{"rendered":"Productos"},"content":{"rendered":"\t\t<div data-elementor-type=\"wp-page\" data-elementor-id=\"795\" class=\"elementor elementor-795\">\n\t\t\t\t\t\t<section class=\"elementor-section elementor-top-section elementor-element elementor-element-4146377b elementor-section-full_width elementor-section-height-default elementor-section-height-default\" data-id=\"4146377b\" data-element_type=\"section\" data-settings=\"{&quot;background_background&quot;:&quot;classic&quot;}\">\n\t\t\t\t\t\t\t<div class=\"elementor-background-overlay\"><\/div>\n\t\t\t\t\t\t\t<div class=\"elementor-container elementor-column-gap-default\">\n\t\t\t\t\t<div class=\"elementor-column elementor-col-100 elementor-top-column elementor-element elementor-element-5f05dcb8\" data-id=\"5f05dcb8\" data-element_type=\"column\">\n\t\t\t<div class=\"elementor-widget-wrap elementor-element-populated\">\n\t\t\t\t\t\t<section class=\"elementor-section elementor-inner-section elementor-element elementor-element-36933a31 elementor-section-boxed elementor-section-height-default elementor-section-height-default\" data-id=\"36933a31\" data-element_type=\"section\">\n\t\t\t\t\t\t<div class=\"elementor-container elementor-column-gap-default\">\n\t\t\t\t\t<div class=\"elementor-column elementor-col-50 elementor-inner-column elementor-element elementor-element-517c0181\" data-id=\"517c0181\" data-element_type=\"column\">\n\t\t\t<div class=\"elementor-widget-wrap elementor-element-populated\">\n\t\t\t\t\t\t<div class=\"elementor-element elementor-element-47e36310 elementor-widget-divider--view-line_text elementor-widget-divider--element-align-right elementor-widget elementor-widget-divider\" data-id=\"47e36310\" data-element_type=\"widget\" data-widget_type=\"divider.default\">\n\t\t\t\t\t\t\t<div class=\"elementor-divider\">\n\t\t\t<span class=\"elementor-divider-separator\">\n\t\t\t\t\t\t<\/span>\n\t\t<\/div>\n\t\t\t\t\t\t<\/div>\n\t\t\t\t<div class=\"elementor-element elementor-element-3be1e2c elementor-widget__width-initial elementor-widget elementor-widget-heading\" data-id=\"3be1e2c\" data-element_type=\"widget\" data-widget_type=\"heading.default\">\n\t\t\t\t\t<h2 class=\"elementor-heading-title elementor-size-default\">Nuestros productos <\/h2>\t\t\t\t<\/div>\n\t\t\t\t<div class=\"elementor-element elementor-element-3ed02ae2 elementor-tablet-align-center elementor-widget__width-auto elementor-widget-tablet__width-inherit elementor-widget elementor-widget-button\" data-id=\"3ed02ae2\" data-element_type=\"widget\" data-widget_type=\"button.default\">\n\t\t\t\t\t\t\t\t\t\t<a class=\"elementor-button elementor-button-link elementor-size-sm elementor-animation-grow\" href=\"#shop\">\n\t\t\t\t\t\t<span class=\"elementor-button-content-wrapper\">\n\t\t\t\t\t\t<span class=\"elementor-button-icon\">\n\t\t\t\t<svg aria-hidden=\"true\" class=\"e-font-icon-svg e-fas-shopping-cart\" viewBox=\"0 0 576 512\" xmlns=\"http:\/\/www.w3.org\/2000\/svg\"><path d=\"M528.12 301.319l47.273-208C578.806 78.301 567.391 64 551.99 64H159.208l-9.166-44.81C147.758 8.021 137.93 0 126.529 0H24C10.745 0 0 10.745 0 24v16c0 13.255 10.745 24 24 24h69.883l70.248 343.435C147.325 417.1 136 435.222 136 456c0 30.928 25.072 56 56 56s56-25.072 56-56c0-15.674-6.447-29.835-16.824-40h209.647C430.447 426.165 424 440.326 424 456c0 30.928 25.072 56 56 56s56-25.072 56-56c0-22.172-12.888-41.332-31.579-50.405l5.517-24.276c3.413-15.018-8.002-29.319-23.403-29.319H218.117l-6.545-32h293.145c11.206 0 20.92-7.754 23.403-18.681z\"><\/path><\/svg>\t\t\t<\/span>\n\t\t\t\t\t\t\t\t\t<span class=\"elementor-button-text\">Cont\u00e1ctanos<\/span>\n\t\t\t\t\t<\/span>\n\t\t\t\t\t<\/a>\n\t\t\t\t\t\t\t\t<\/div>\n\t\t\t\t\t<\/div>\n\t\t<\/div>\n\t\t\t\t<div class=\"elementor-column elementor-col-50 elementor-inner-column elementor-element elementor-element-350b1740 elementor-hidden-tablet elementor-hidden-mobile\" data-id=\"350b1740\" data-element_type=\"column\">\n\t\t\t<div class=\"elementor-widget-wrap elementor-element-populated\">\n\t\t\t\t\t\t<div class=\"elementor-element elementor-element-5f6b886 elementor-widget elementor-widget-image\" data-id=\"5f6b886\" data-element_type=\"widget\" data-widget_type=\"image.default\">\n\t\t\t\t\t\t\t\t\t\t\t\t\t\t\t<img fetchpriority=\"high\" decoding=\"async\" width=\"370\" height=\"230\" src=\"https:\/\/controldata.biz\/web\/wp-content\/uploads\/2025\/10\/sada-1.jpg\" class=\"attachment-2048x2048 size-2048x2048 wp-image-968\" alt=\"\" srcset=\"https:\/\/controldata.biz\/web\/wp-content\/uploads\/2025\/10\/sada-1.jpg 370w, https:\/\/controldata.biz\/web\/wp-content\/uploads\/2025\/10\/sada-1-300x186.jpg 300w\" sizes=\"(max-width: 370px) 100vw, 370px\" \/>\t\t\t\t\t\t\t\t\t\t\t\t\t\t\t<\/div>\n\t\t\t\t<div class=\"elementor-element elementor-element-ff8c26c elementor-widget elementor-widget-image\" data-id=\"ff8c26c\" data-element_type=\"widget\" data-widget_type=\"image.default\">\n\t\t\t\t\t\t\t\t\t\t\t\t\t\t\t<img decoding=\"async\" width=\"370\" height=\"230\" src=\"https:\/\/controldata.biz\/web\/wp-content\/uploads\/2025\/10\/carru-2.jpg\" class=\"attachment-large size-large wp-image-969\" alt=\"\" srcset=\"https:\/\/controldata.biz\/web\/wp-content\/uploads\/2025\/10\/carru-2.jpg 370w, https:\/\/controldata.biz\/web\/wp-content\/uploads\/2025\/10\/carru-2-300x186.jpg 300w\" sizes=\"(max-width: 370px) 100vw, 370px\" \/>\t\t\t\t\t\t\t\t\t\t\t\t\t\t\t<\/div>\n\t\t\t\t\t<\/div>\n\t\t<\/div>\n\t\t\t\t\t<\/div>\n\t\t<\/section>\n\t\t\t\t\t<\/div>\n\t\t<\/div>\n\t\t\t\t\t<\/div>\n\t\t<\/section>\n\t\t\t\t<section class=\"elementor-section elementor-top-section elementor-element elementor-element-6fb4a340 elementor-section-boxed elementor-section-height-default elementor-section-height-default\" data-id=\"6fb4a340\" data-element_type=\"section\">\n\t\t\t\t\t\t\t<div class=\"elementor-background-overlay\"><\/div>\n\t\t\t\t\t\t\t<div class=\"elementor-container elementor-column-gap-default\">\n\t\t\t\t\t<div class=\"elementor-column elementor-col-100 elementor-top-column elementor-element elementor-element-26227097\" data-id=\"26227097\" data-element_type=\"column\">\n\t\t\t<div class=\"elementor-widget-wrap elementor-element-populated\">\n\t\t\t\t\t\t<div class=\"elementor-element elementor-element-26b56953 elementor-widget elementor-widget-menu-anchor\" data-id=\"26b56953\" data-element_type=\"widget\" data-widget_type=\"menu-anchor.default\">\n\t\t\t\t\t\t\t<div class=\"elementor-menu-anchor\" id=\"features\"><\/div>\n\t\t\t\t\t\t<\/div>\n\t\t\t\t<section class=\"elementor-section elementor-inner-section elementor-element elementor-element-1fd7d35f elementor-section-boxed elementor-section-height-default elementor-section-height-default\" data-id=\"1fd7d35f\" data-element_type=\"section\">\n\t\t\t\t\t\t<div class=\"elementor-container elementor-column-gap-default\">\n\t\t\t\t\t<div class=\"elementor-column elementor-col-33 elementor-inner-column elementor-element elementor-element-103c482b\" data-id=\"103c482b\" data-element_type=\"column\">\n\t\t\t<div class=\"elementor-widget-wrap elementor-element-populated\">\n\t\t\t\t\t\t<div class=\"elementor-element elementor-element-0774056 elementor-position-top elementor-widget elementor-widget-image-box\" data-id=\"0774056\" data-element_type=\"widget\" data-widget_type=\"image-box.default\">\n\t\t\t\t\t<div class=\"elementor-image-box-wrapper\"><figure class=\"elementor-image-box-img\"><img decoding=\"async\" width=\"370\" height=\"230\" src=\"https:\/\/controldata.biz\/web\/wp-content\/uploads\/2025\/10\/carru-2.jpg\" class=\"attachment-full size-full wp-image-969\" alt=\"\" srcset=\"https:\/\/controldata.biz\/web\/wp-content\/uploads\/2025\/10\/carru-2.jpg 370w, https:\/\/controldata.biz\/web\/wp-content\/uploads\/2025\/10\/carru-2-300x186.jpg 300w\" sizes=\"(max-width: 370px) 100vw, 370px\" \/><\/figure><div class=\"elementor-image-box-content\"><h2 class=\"elementor-image-box-title\">                  Facturaci\u00f3n y Libros de IVA<\/h2><p class=\"elementor-image-box-description\">Cuenta con el sistema de facturaci\u00f3n electr\u00f3nica y los movimientos de Compras y Ventas automatizadas para generar los libros de IVA FACTURADOR Y LIBROS DE IVA Cuenta con el sistema de facturaci\u00f3n electr\u00f3nica.<\/p><\/div><\/div>\t\t\t\t<\/div>\n\t\t\t\t\t<\/div>\n\t\t<\/div>\n\t\t\t\t<div class=\"elementor-column elementor-col-33 elementor-inner-column elementor-element elementor-element-3c2467a5\" data-id=\"3c2467a5\" data-element_type=\"column\">\n\t\t\t<div class=\"elementor-widget-wrap elementor-element-populated\">\n\t\t\t\t\t\t<div class=\"elementor-element elementor-element-af6003c elementor-position-top elementor-widget elementor-widget-image-box\" data-id=\"af6003c\" data-element_type=\"widget\" data-widget_type=\"image-box.default\">\n\t\t\t\t\t<div class=\"elementor-image-box-wrapper\"><figure class=\"elementor-image-box-img\"><img loading=\"lazy\" decoding=\"async\" width=\"370\" height=\"230\" src=\"https:\/\/controldata.biz\/web\/wp-content\/uploads\/2025\/10\/sada-1.jpg\" class=\"attachment-full size-full wp-image-968\" alt=\"\" srcset=\"https:\/\/controldata.biz\/web\/wp-content\/uploads\/2025\/10\/sada-1.jpg 370w, https:\/\/controldata.biz\/web\/wp-content\/uploads\/2025\/10\/sada-1-300x186.jpg 300w\" sizes=\"(max-width: 370px) 100vw, 370px\" \/><\/figure><div class=\"elementor-image-box-content\"><h2 class=\"elementor-image-box-title\">Facturaci\u00f3n electr\u00f3nica<\/h2><p class=\"elementor-image-box-description\">Tenemos la mejor soluci\u00f3n para facilitarte la emisi\u00f3n de documentos tributarios electr\u00f3nicos DTE; completamente integrado a su sistema; permitiendo generar, enviar los documentos al Ministerio de Hacienda.<\/p><\/div><\/div>\t\t\t\t<\/div>\n\t\t\t\t\t<\/div>\n\t\t<\/div>\n\t\t\t\t<div class=\"elementor-column elementor-col-33 elementor-inner-column elementor-element elementor-element-5cea249f\" data-id=\"5cea249f\" data-element_type=\"column\">\n\t\t\t<div class=\"elementor-widget-wrap elementor-element-populated\">\n\t\t\t\t\t\t<div class=\"elementor-element elementor-element-c549bb5 elementor-position-top elementor-widget elementor-widget-image-box\" data-id=\"c549bb5\" data-element_type=\"widget\" data-widget_type=\"image-box.default\">\n\t\t\t\t\t<div class=\"elementor-image-box-wrapper\"><figure class=\"elementor-image-box-img\"><img loading=\"lazy\" decoding=\"async\" width=\"370\" height=\"230\" src=\"https:\/\/controldata.biz\/web\/wp-content\/uploads\/2025\/10\/admin360-2.jpg\" class=\"attachment-full size-full wp-image-971\" alt=\"\" srcset=\"https:\/\/controldata.biz\/web\/wp-content\/uploads\/2025\/10\/admin360-2.jpg 370w, https:\/\/controldata.biz\/web\/wp-content\/uploads\/2025\/10\/admin360-2-300x186.jpg 300w\" sizes=\"(max-width: 370px) 100vw, 370px\" \/><\/figure><div class=\"elementor-image-box-content\"><h2 class=\"elementor-image-box-title\">Admin 360\u00b0<\/h2><p class=\"elementor-image-box-description\">Esta herramienta cuenta con el Sistema de Facturaci\u00f3n Electr\u00f3nica, Control De Inventarios, Clientes Y Compras de los productos y servicios de la Empresa de una manera r\u00e1pida y eficiente.<\/p><\/div><\/div>\t\t\t\t<\/div>\n\t\t\t\t\t<\/div>\n\t\t<\/div>\n\t\t\t\t\t<\/div>\n\t\t<\/section>\n\t\t\t\t\t<\/div>\n\t\t<\/div>\n\t\t\t\t\t<\/div>\n\t\t<\/section>\n\t\t<div class=\"elementor-element elementor-element-72079de e-flex e-con-boxed e-con e-parent\" data-id=\"72079de\" data-element_type=\"container\">\n\t\t\t\t\t<div class=\"e-con-inner\">\n\t\t<div class=\"elementor-element elementor-element-d140125 e-con-full e-flex e-con e-child\" data-id=\"d140125\" data-element_type=\"container\">\n\t\t\t\t<div class=\"elementor-element elementor-element-b2afb81 elementor-position-top elementor-widget elementor-widget-image-box\" data-id=\"b2afb81\" data-element_type=\"widget\" data-widget_type=\"image-box.default\">\n\t\t\t\t\t<div class=\"elementor-image-box-wrapper\"><figure class=\"elementor-image-box-img\"><img loading=\"lazy\" decoding=\"async\" width=\"370\" height=\"230\" src=\"https:\/\/controldata.biz\/web\/wp-content\/uploads\/2025\/10\/carru-3.jpg\" class=\"attachment-full size-full wp-image-974\" alt=\"\" srcset=\"https:\/\/controldata.biz\/web\/wp-content\/uploads\/2025\/10\/carru-3.jpg 370w, https:\/\/controldata.biz\/web\/wp-content\/uploads\/2025\/10\/carru-3-300x186.jpg 300w\" sizes=\"(max-width: 370px) 100vw, 370px\" \/><\/figure><div class=\"elementor-image-box-content\"><h3 class=\"elementor-image-box-title\">Sistema de planilla \u00fanica<\/h3><p class=\"elementor-image-box-description\">Un sistema electr\u00f3nico que unificay centraliza el proceso de registro, c\u00e1lculo y pago de salarios de los empleados en tu empresa.<\/p><\/div><\/div>\t\t\t\t<\/div>\n\t\t\t\t<\/div>\n\t\t<div class=\"elementor-element elementor-element-0e6bb15 e-con-full e-flex e-con e-child\" data-id=\"0e6bb15\" data-element_type=\"container\">\n\t\t\t\t<div class=\"elementor-element elementor-element-88ac2fd elementor-position-top elementor-widget elementor-widget-image-box\" data-id=\"88ac2fd\" data-element_type=\"widget\" data-widget_type=\"image-box.default\">\n\t\t\t\t\t<div class=\"elementor-image-box-wrapper\"><figure class=\"elementor-image-box-img\"><img loading=\"lazy\" decoding=\"async\" width=\"370\" height=\"230\" src=\"https:\/\/controldata.biz\/web\/wp-content\/uploads\/2025\/10\/sada-2.jpg\" class=\"attachment-full size-full wp-image-973\" alt=\"\" srcset=\"https:\/\/controldata.biz\/web\/wp-content\/uploads\/2025\/10\/sada-2.jpg 370w, https:\/\/controldata.biz\/web\/wp-content\/uploads\/2025\/10\/sada-2-300x186.jpg 300w\" sizes=\"(max-width: 370px) 100vw, 370px\" \/><\/figure><div class=\"elementor-image-box-content\"><h3 class=\"elementor-image-box-title\">Punto de venta<\/h3><p class=\"elementor-image-box-description\">Nuestro sistema de Punto de Venta (POS) es una soluci\u00f3n pr\u00e1ctica y moderna que permite gestionar ventas, inventarios y clientes en un solo lugar.<\/p><\/div><\/div>\t\t\t\t<\/div>\n\t\t\t\t<\/div>\n\t\t<div class=\"elementor-element elementor-element-4d94d8b e-con-full e-flex e-con e-child\" data-id=\"4d94d8b\" data-element_type=\"container\">\n\t\t<div class=\"elementor-element elementor-element-7b52065 e-con-full e-flex e-con e-child\" data-id=\"7b52065\" data-element_type=\"container\">\n\t\t\t\t<div class=\"elementor-element elementor-element-8cb85de elementor-position-top elementor-widget elementor-widget-image-box\" data-id=\"8cb85de\" data-element_type=\"widget\" data-widget_type=\"image-box.default\">\n\t\t\t\t\t<div class=\"elementor-image-box-wrapper\"><figure class=\"elementor-image-box-img\"><img loading=\"lazy\" decoding=\"async\" width=\"370\" height=\"230\" src=\"https:\/\/controldata.biz\/web\/wp-content\/uploads\/2025\/10\/admin360-3.jpg\" class=\"attachment-full size-full wp-image-972\" alt=\"\" srcset=\"https:\/\/controldata.biz\/web\/wp-content\/uploads\/2025\/10\/admin360-3.jpg 370w, https:\/\/controldata.biz\/web\/wp-content\/uploads\/2025\/10\/admin360-3-300x186.jpg 300w\" sizes=\"(max-width: 370px) 100vw, 370px\" \/><\/figure><div class=\"elementor-image-box-content\"><h3 class=\"elementor-image-box-title\">Contabilidad<\/h3><p class=\"elementor-image-box-description\">Nuestro sistema de Contabilidad es una soluci\u00f3n pr\u00e1ctica y moderna que permite gestionar las transacciones financieras de la empresa.<\/p><\/div><\/div>\t\t\t\t<\/div>\n\t\t\t\t<\/div>\n\t\t\t\t<\/div>\n\t\t\t\t\t<\/div>\n\t\t\t\t<\/div>\n\t\t\t\t<section class=\"elementor-section elementor-top-section elementor-element elementor-element-518ca3c7 elementor-section-boxed elementor-section-height-default elementor-section-height-default\" data-id=\"518ca3c7\" data-element_type=\"section\">\n\t\t\t\t\t\t<div class=\"elementor-container elementor-column-gap-default\">\n\t\t\t\t\t<div class=\"elementor-column elementor-col-100 elementor-top-column elementor-element elementor-element-10afea09\" data-id=\"10afea09\" data-element_type=\"column\">\n\t\t\t<div class=\"elementor-widget-wrap elementor-element-populated\">\n\t\t\t\t\t\t<div class=\"elementor-element elementor-element-e79ace4 elementor-arrows-position-inside elementor-pagination-position-outside elementor-widget elementor-widget-image-carousel\" data-id=\"e79ace4\" data-element_type=\"widget\" data-settings=\"{&quot;slides_to_show&quot;:&quot;4&quot;,&quot;navigation&quot;:&quot;both&quot;,&quot;autoplay&quot;:&quot;yes&quot;,&quot;pause_on_hover&quot;:&quot;yes&quot;,&quot;pause_on_interaction&quot;:&quot;yes&quot;,&quot;autoplay_speed&quot;:5000,&quot;infinite&quot;:&quot;yes&quot;,&quot;speed&quot;:500}\" data-widget_type=\"image-carousel.default\">\n\t\t\t\t\t\t\t<div class=\"elementor-image-carousel-wrapper swiper\" role=\"region\" aria-roledescription=\"carousel\" aria-label=\"Carrusel de im\u00e1genes\" dir=\"ltr\">\n\t\t\t<div class=\"elementor-image-carousel swiper-wrapper\" aria-live=\"off\">\n\t\t\t\t\t\t\t\t<div class=\"swiper-slide\" role=\"group\" aria-roledescription=\"slide\" aria-label=\"1 de 5\"><figure class=\"swiper-slide-inner\"><img decoding=\"async\" class=\"swiper-slide-image\" src=\"https:\/\/controldata.biz\/web\/wp-content\/uploads\/2025\/10\/admin360-1-150x110.jpg\" alt=\"admin360\" \/><\/figure><\/div><div class=\"swiper-slide\" role=\"group\" aria-roledescription=\"slide\" aria-label=\"2 de 5\"><figure class=\"swiper-slide-inner\"><img decoding=\"async\" class=\"swiper-slide-image\" src=\"https:\/\/controldata.biz\/web\/wp-content\/uploads\/2025\/10\/conta-150x110.png\" alt=\"conta\" \/><\/figure><\/div><div class=\"swiper-slide\" role=\"group\" aria-roledescription=\"slide\" aria-label=\"3 de 5\"><figure class=\"swiper-slide-inner\"><img decoding=\"async\" class=\"swiper-slide-image\" src=\"https:\/\/controldata.biz\/web\/wp-content\/uploads\/2025\/10\/1-150x110.png\" alt=\"1\" \/><\/figure><\/div><div class=\"swiper-slide\" role=\"group\" aria-roledescription=\"slide\" aria-label=\"4 de 5\"><figure class=\"swiper-slide-inner\"><img decoding=\"async\" class=\"swiper-slide-image\" src=\"https:\/\/controldata.biz\/web\/wp-content\/uploads\/2025\/10\/iva-150x110.png\" alt=\"iva\" \/><\/figure><\/div><div class=\"swiper-slide\" role=\"group\" aria-roledescription=\"slide\" aria-label=\"5 de 5\"><figure class=\"swiper-slide-inner\"><img decoding=\"async\" class=\"swiper-slide-image\" src=\"https:\/\/controldata.biz\/web\/wp-content\/uploads\/2025\/10\/pos-150x110.png\" alt=\"pos\" \/><\/figure><\/div>\t\t\t<\/div>\n\t\t\t\t\t\t\t\t\t\t\t\t<div class=\"elementor-swiper-button elementor-swiper-button-prev\" role=\"button\" tabindex=\"0\">\n\t\t\t\t\t\t<svg aria-hidden=\"true\" class=\"e-font-icon-svg e-eicon-chevron-left\" viewBox=\"0 0 1000 1000\" xmlns=\"http:\/\/www.w3.org\/2000\/svg\"><path d=\"M646 125C629 125 613 133 604 142L308 442C296 454 292 471 292 487 292 504 296 521 308 533L604 854C617 867 629 875 646 875 663 875 679 871 692 858 704 846 713 829 713 812 713 796 708 779 692 767L438 487 692 225C700 217 708 204 708 187 708 171 704 154 692 142 675 129 663 125 646 125Z\"><\/path><\/svg>\t\t\t\t\t<\/div>\n\t\t\t\t\t<div class=\"elementor-swiper-button elementor-swiper-button-next\" role=\"button\" tabindex=\"0\">\n\t\t\t\t\t\t<svg aria-hidden=\"true\" class=\"e-font-icon-svg e-eicon-chevron-right\" viewBox=\"0 0 1000 1000\" xmlns=\"http:\/\/www.w3.org\/2000\/svg\"><path d=\"M696 533C708 521 713 504 713 487 713 471 708 454 696 446L400 146C388 133 375 125 354 125 338 125 325 129 313 142 300 154 292 171 292 187 292 204 296 221 308 233L563 492 304 771C292 783 288 800 288 817 288 833 296 850 308 863 321 871 338 875 354 875 371 875 388 867 400 854L696 533Z\"><\/path><\/svg>\t\t\t\t\t<\/div>\n\t\t\t\t\n\t\t\t\t\t\t\t\t\t<div class=\"swiper-pagination\"><\/div>\n\t\t\t\t\t\t\t\t\t<\/div>\n\t\t\t\t\t\t<\/div>\n\t\t\t\t\t<\/div>\n\t\t<\/div>\n\t\t\t\t\t<\/div>\n\t\t<\/section>\n\t\t\t\t<\/div>\n\t\t","protected":false},"excerpt":{"rendered":"<p>Nuestros productos Cont\u00e1ctanos Facturaci\u00f3n y Libros de IVA Cuenta con el sistema de facturaci\u00f3n electr\u00f3nica y los movimientos de Compras y Ventas automatizadas para generar los libros de IVA FACTURADOR Y LIBROS DE IVA Cuenta&hellip;<\/p>\n","protected":false},"author":1,"featured_media":0,"parent":0,"menu_order":0,"comment_status":"closed","ping_status":"closed","template":"template-parts\/template-page-builders.php","meta":{"footnotes":""},"class_list":["post-795","page","type-page","status-publish","hentry"],"_links":{"self":[{"href":"https:\/\/controldata.biz\/web\/wp-json\/wp\/v2\/pages\/795","targetHints":{"allow":["GET"]}}],"collection":[{"href":"https:\/\/controldata.biz\/web\/wp-json\/wp\/v2\/pages"}],"about":[{"href":"https:\/\/controldata.biz\/web\/wp-json\/wp\/v2\/types\/page"}],"author":[{"embeddable":true,"href":"https:\/\/controldata.biz\/web\/wp-json\/wp\/v2\/users\/1"}],"replies":[{"embeddable":true,"href":"https:\/\/controldata.biz\/web\/wp-json\/wp\/v2\/comments?post=795"}],"version-history":[{"count":10,"href":"https:\/\/controldata.biz\/web\/wp-json\/wp\/v2\/pages\/795\/revisions"}],"predecessor-version":[{"id":1026,"href":"https:\/\/controldata.biz\/web\/wp-json\/wp\/v2\/pages\/795\/revisions\/1026"}],"wp:attachment":[{"href":"https:\/\/controldata.biz\/web\/wp-json\/wp\/v2\/media?parent=795"}],"curies":[{"name":"wp","href":"https:\/\/api.w.org\/{rel}","templated":true}]}}